{"id":1224,"date":"2020-11-06T18:09:58","date_gmt":"2020-11-06T18:09:58","guid":{"rendered":"https:\/\/ecoluce.mx\/?post_type=product&#038;p=1224"},"modified":"2022-11-09T22:03:22","modified_gmt":"2022-11-09T22:03:22","slug":"tira-flex-neon-36w-verde","status":"publish","type":"product","link":"https:\/\/ecoluce.mx\/?product=tira-flex-neon-36w-verde","title":{"rendered":"Tira Flex Ne\u00f3n 36W Verde"},"content":{"rendered":"<p><strong><a href=\"https:\/\/ecoluce.mx\/wp-content\/uploads\/2020\/11\/913441.pdf\" class=\"mb-button mb-style-glass mb-size-default mb-corners-default mb-text-style-default \" style=\"background-color: #2bc470;\">\u00a0<i class=\"fa fa-arrow-circle-down\"><\/i>\u00a0 Ficha T\u00e9cnica<\/a><\/strong><\/p>\n<p><strong>Potencia: \u00a0<\/strong>36W &#8211; 7.2W\/M<br \/>\n<strong>Tensi\u00f3n de Alimentaci\u00f3n: <\/strong><span>12V<\/span><br \/>\n<strong>Corriente:<\/strong><span>\u00a03.01A<\/span><br \/>\n<span><strong>\u00cdndice de\u00a0protecci\u00f3n: <\/strong>60<\/span><br \/>\n<b>Temperatura del color: <\/b><span>Verde<\/span><br \/>\n<b>Medidas: <\/b>Rollo de 5 metros<br \/>\n<strong>Vida Promedio: <\/strong>10,000Hrs<br \/>\n<b>Garant\u00eda: <\/b>3 meses<\/p>\n<ul style=\"list-style-type: square;\">\n<li>Esta Tira no se puede conectar de manera lineal, tienen que ir conectadas directamente al balastro, se pueden cortar cada 2.5cm (identificar las marcas por la parte de atr\u00e1s de la tira)<\/li>\n<\/ul>\n","protected":false},"excerpt":{"rendered":"<p><b>C\u00f3digo del producto: <\/b><span>913441<\/span><\/p>\n","protected":false},"featured_media":1225,"comment_status":"open","ping_status":"closed","template":"","meta":{"spay_email":""},"product_cat":[36],"product_tag":[],"yoast_head":"<!-- This site is optimized with the Yoast SEO plugin v17.3 - https:\/\/yoast.com\/wordpress\/plugins\/seo\/ -->\n<title>Tira Flex Ne\u00f3n 36W Verde - Tienda de Iluminaci\u00f3n LED<\/title>\n<meta name=\"robots\" content=\"index, follow, max-snippet:-1, max-image-preview:large, max-video-preview:-1\" \/>\n<link rel=\"canonical\" href=\"https:\/\/ecoluce.mx\/?product=tira-flex-neon-36w-verde\" \/>\n<meta property=\"og:locale\" content=\"es_MX\" \/>\n<meta property=\"og:type\" content=\"article\" \/>\n<meta property=\"og:title\" content=\"Tira Flex Ne\u00f3n 36W Verde - Tienda de Iluminaci\u00f3n LED\" \/>\n<meta property=\"og:description\" content=\"C\u00f3digo del producto: 913441\" \/>\n<meta property=\"og:url\" content=\"https:\/\/ecoluce.mx\/?product=tira-flex-neon-36w-verde\" \/>\n<meta property=\"og:site_name\" content=\"Tienda de Iluminaci\u00f3n LED\" \/>\n<meta property=\"article:modified_time\" content=\"2022-11-09T22:03:22+00:00\" \/>\n<meta property=\"og:image\" content=\"https:\/\/ecoluce.mx\/wp-content\/uploads\/2020\/11\/913441.jpg\" \/>\n\t<meta property=\"og:image:width\" content=\"800\" \/>\n\t<meta property=\"og:image:height\" content=\"800\" \/>\n<meta name=\"twitter:card\" content=\"summary_large_image\" \/>\n<script type=\"application\/ld+json\" class=\"yoast-schema-graph\">{\"@context\":\"https:\/\/schema.org\",\"@graph\":[{\"@type\":\"WebSite\",\"@id\":\"https:\/\/ecoluce.mx\/#website\",\"url\":\"https:\/\/ecoluce.mx\/\",\"name\":\"Tienda de Iluminaci\\u00f3n LED\",\"description\":\"luces, tiras, mangueras, focos, tubos\",\"potentialAction\":[{\"@type\":\"SearchAction\",\"target\":{\"@type\":\"EntryPoint\",\"urlTemplate\":\"https:\/\/ecoluce.mx\/?s={search_term_string}\"},\"query-input\":\"required name=search_term_string\"}],\"inLanguage\":\"es-MX\"},{\"@type\":\"ImageObject\",\"@id\":\"https:\/\/ecoluce.mx\/?product=tira-flex-neon-36w-verde#primaryimage\",\"inLanguage\":\"es-MX\",\"url\":\"https:\/\/ecoluce.mx\/wp-content\/uploads\/2020\/11\/913441.jpg\",\"contentUrl\":\"https:\/\/ecoluce.mx\/wp-content\/uploads\/2020\/11\/913441.jpg\",\"width\":800,\"height\":800},{\"@type\":\"WebPage\",\"@id\":\"https:\/\/ecoluce.mx\/?product=tira-flex-neon-36w-verde#webpage\",\"url\":\"https:\/\/ecoluce.mx\/?product=tira-flex-neon-36w-verde\",\"name\":\"Tira Flex Ne\\u00f3n 36W Verde - Tienda de Iluminaci\\u00f3n LED\",\"isPartOf\":{\"@id\":\"https:\/\/ecoluce.mx\/#website\"},\"primaryImageOfPage\":{\"@id\":\"https:\/\/ecoluce.mx\/?product=tira-flex-neon-36w-verde#primaryimage\"},\"datePublished\":\"2020-11-06T18:09:58+00:00\",\"dateModified\":\"2022-11-09T22:03:22+00:00\",\"breadcrumb\":{\"@id\":\"https:\/\/ecoluce.mx\/?product=tira-flex-neon-36w-verde#breadcrumb\"},\"inLanguage\":\"es-MX\",\"potentialAction\":[{\"@type\":\"ReadAction\",\"target\":[\"https:\/\/ecoluce.mx\/?product=tira-flex-neon-36w-verde\"]}]},{\"@type\":\"BreadcrumbList\",\"@id\":\"https:\/\/ecoluce.mx\/?product=tira-flex-neon-36w-verde#breadcrumb\",\"itemListElement\":[{\"@type\":\"ListItem\",\"position\":1,\"name\":\"Inicio\",\"item\":\"https:\/\/ecoluce.mx\/\"},{\"@type\":\"ListItem\",\"position\":2,\"name\":\"Tienda\",\"item\":\"https:\/\/ecoluce.mx\/?page_id=313\"},{\"@type\":\"ListItem\",\"position\":3,\"name\":\"Tira Flex Ne\\u00f3n 36W Verde\"}]}]}<\/script>\n<!-- \/ Yoast SEO plugin. -->","yoast_head_json":{"title":"Tira Flex Ne\u00f3n 36W Verde - Tienda de Iluminaci\u00f3n LED","robots":{"index":"index","follow":"follow","max-snippet":"max-snippet:-1","max-image-preview":"max-image-preview:large","max-video-preview":"max-video-preview:-1"},"canonical":"https:\/\/ecoluce.mx\/?product=tira-flex-neon-36w-verde","og_locale":"es_MX","og_type":"article","og_title":"Tira Flex Ne\u00f3n 36W Verde - Tienda de Iluminaci\u00f3n LED","og_description":"C\u00f3digo del producto: 913441","og_url":"https:\/\/ecoluce.mx\/?product=tira-flex-neon-36w-verde","og_site_name":"Tienda de Iluminaci\u00f3n LED","article_modified_time":"2022-11-09T22:03:22+00:00","og_image":[{"width":800,"height":800,"url":"https:\/\/ecoluce.mx\/wp-content\/uploads\/2020\/11\/913441.jpg","type":"image\/jpeg"}],"twitter_card":"summary_large_image","schema":{"@context":"https:\/\/schema.org","@graph":[{"@type":"WebSite","@id":"https:\/\/ecoluce.mx\/#website","url":"https:\/\/ecoluce.mx\/","name":"Tienda de Iluminaci\u00f3n LED","description":"luces, tiras, mangueras, focos, tubos","potentialAction":[{"@type":"SearchAction","target":{"@type":"EntryPoint","urlTemplate":"https:\/\/ecoluce.mx\/?s={search_term_string}"},"query-input":"required name=search_term_string"}],"inLanguage":"es-MX"},{"@type":"ImageObject","@id":"https:\/\/ecoluce.mx\/?product=tira-flex-neon-36w-verde#primaryimage","inLanguage":"es-MX","url":"https:\/\/ecoluce.mx\/wp-content\/uploads\/2020\/11\/913441.jpg","contentUrl":"https:\/\/ecoluce.mx\/wp-content\/uploads\/2020\/11\/913441.jpg","width":800,"height":800},{"@type":"WebPage","@id":"https:\/\/ecoluce.mx\/?product=tira-flex-neon-36w-verde#webpage","url":"https:\/\/ecoluce.mx\/?product=tira-flex-neon-36w-verde","name":"Tira Flex Ne\u00f3n 36W Verde - Tienda de Iluminaci\u00f3n LED","isPartOf":{"@id":"https:\/\/ecoluce.mx\/#website"},"primaryImageOfPage":{"@id":"https:\/\/ecoluce.mx\/?product=tira-flex-neon-36w-verde#primaryimage"},"datePublished":"2020-11-06T18:09:58+00:00","dateModified":"2022-11-09T22:03:22+00:00","breadcrumb":{"@id":"https:\/\/ecoluce.mx\/?product=tira-flex-neon-36w-verde#breadcrumb"},"inLanguage":"es-MX","potentialAction":[{"@type":"ReadAction","target":["https:\/\/ecoluce.mx\/?product=tira-flex-neon-36w-verde"]}]},{"@type":"BreadcrumbList","@id":"https:\/\/ecoluce.mx\/?product=tira-flex-neon-36w-verde#breadcrumb","itemListElement":[{"@type":"ListItem","position":1,"name":"Inicio","item":"https:\/\/ecoluce.mx\/"},{"@type":"ListItem","position":2,"name":"Tienda","item":"https:\/\/ecoluce.mx\/?page_id=313"},{"@type":"ListItem","position":3,"name":"Tira Flex Ne\u00f3n 36W Verde"}]}]}},"jetpack_sharing_enabled":true,"_links":{"self":[{"href":"https:\/\/ecoluce.mx\/index.php?rest_route=\/wp\/v2\/product\/1224"}],"collection":[{"href":"https:\/\/ecoluce.mx\/index.php?rest_route=\/wp\/v2\/product"}],"about":[{"href":"https:\/\/ecoluce.mx\/index.php?rest_route=\/wp\/v2\/types\/product"}],"replies":[{"embeddable":true,"href":"https:\/\/ecoluce.mx\/index.php?rest_route=%2Fwp%2Fv2%2Fcomments&post=1224"}],"wp:featuredmedia":[{"embeddable":true,"href":"https:\/\/ecoluce.mx\/index.php?rest_route=\/wp\/v2\/media\/1225"}],"wp:attachment":[{"href":"https:\/\/ecoluce.mx\/index.php?rest_route=%2Fwp%2Fv2%2Fmedia&parent=1224"}],"wp:term":[{"taxonomy":"product_cat","embeddable":true,"href":"https:\/\/ecoluce.mx\/index.php?rest_route=%2Fwp%2Fv2%2Fproduct_cat&post=1224"},{"taxonomy":"product_tag","embeddable":true,"href":"https:\/\/ecoluce.mx\/index.php?rest_route=%2Fwp%2Fv2%2Fproduct_tag&post=1224"}],"curies":[{"name":"wp","href":"https:\/\/api.w.org\/{rel}","templated":true}]}}