{"id":619,"date":"2020-06-08T18:18:03","date_gmt":"2020-06-08T18:18:03","guid":{"rendered":"https:\/\/ecoluce.mx\/?post_type=product&#038;p=619"},"modified":"2020-09-30T15:56:44","modified_gmt":"2020-09-30T15:56:44","slug":"apagador-inteligente-1-boton-touch-tc2-1-broadlink","status":"publish","type":"product","link":"https:\/\/ecoluce.mx\/?product=apagador-inteligente-1-boton-touch-tc2-1-broadlink","title":{"rendered":"Apagador inteligente 1 Bot\u00f3n Touch \/ TC2-1 BROADLINK"},"content":{"rendered":"<p><a href=\"https:\/\/ecoluce.mx\/wp-content\/uploads\/2020\/09\/Eco_205006.pdf\" class=\"mb-button mb-style-glass mb-size-default mb-corners-default mb-text-style-default \" style=\"background-color: #2bc470;\">\u00a0<i class=\"fa fa-arrow-down\"><\/i>\u00a0 Ficha T\u00e9cnica<\/a><\/p>\n<ul>\n<li>Con los <strong>mejores apagadores inteligentes<\/strong> controla las luces de tu hogar desde cualquier lugar del mundo.<\/li>\n<li>Conecta de manera muy sencilla en tu hogar ya que BroadLink tiene un sistema de\u00a0 <strong>interruptor inteligente sin neutro<\/strong>.<\/li>\n<li>Configura tus apagadores inteligentes BroadLink f\u00e1cilmente con las aplicaciones IHC y <strong>BroadLink App<\/strong> compatibles con dispositivos m\u00f3viles iOS 6.0 y Android 4.0 y superiores.<\/li>\n<li>Temporiza los horarios de encendido y apagado de tus luces y despreoc\u00fapate de la iluminaci\u00f3n de tu casa inteligente.<\/li>\n<li>Tendr\u00e1s cobertura total de tu hogar sin interferencias ya que tus apagadores inteligentes<\/li>\n<\/ul>\n<p><img loading=\"lazy\" src=\"https:\/\/ecoluce.mx\/wp-content\/uploads\/2020\/06\/banner_TC2_1-300x162.jpg\" alt=\"\" width=\"300\" height=\"162\" class=\"alignnone size-medium wp-image-620\" srcset=\"https:\/\/ecoluce.mx\/wp-content\/uploads\/2020\/06\/banner_TC2_1-300x162.jpg 300w, https:\/\/ecoluce.mx\/wp-content\/uploads\/2020\/06\/banner_TC2_1.jpg 555w\" sizes=\"(max-width: 300px) 100vw, 300px\" \/><\/p>\n<ul>\n<li>Adem\u00e1s de tecnolog\u00eda, con los botones &#8220;Touch Sensor&#8221; de tus apagadores inteligentes, tendr\u00e1s un dise\u00f1o elegante que se ver\u00e1 incre\u00edble en tu Hogar Inteligente.<\/li>\n<li>Haz escenas en conjunto con otros dispositivos BroadLink y crea ambientes m\u00e1s c\u00f3modos y seguros en tu Casa Inteligente.<\/li>\n<li>Es necesario adquirir el Control Remoto Universal <strong>RM Pro BroadLink<\/strong> para que puedas controlar de manera inteligente tus apagadores.<\/li>\n<li><strong>\u00a1H\u00e1blale a tu casa!<\/strong> Ahora puedes controlar tus apagadores inteligentes y toda tu Casa Inteligente con ayuda de controladores de voz como, <strong>Amazon Alexa, Google Assistant de Google Home, Siri e IFTTT<\/strong>.<\/li>\n<\/ul>\n<p><img loading=\"lazy\" src=\"https:\/\/ecoluce.mx\/wp-content\/uploads\/2020\/06\/iconosTC2_1_727c39b1-6f63-49a9-a5b9-3638a2871203-300x71.jpg\" alt=\"\" width=\"300\" height=\"71\" class=\"alignnone size-medium wp-image-621\" srcset=\"https:\/\/ecoluce.mx\/wp-content\/uploads\/2020\/06\/iconosTC2_1_727c39b1-6f63-49a9-a5b9-3638a2871203-300x71.jpg 300w, https:\/\/ecoluce.mx\/wp-content\/uploads\/2020\/06\/iconosTC2_1_727c39b1-6f63-49a9-a5b9-3638a2871203.jpg 575w\" sizes=\"(max-width: 300px) 100vw, 300px\" \/><\/p>\n<p><strong>C\u00f3digo del producto: <\/strong>205006<\/p>\n","protected":false},"excerpt":{"rendered":"<p><strong>C\u00f3digo del producto: <\/strong>205006<\/p>\n","protected":false},"featured_media":623,"comment_status":"open","ping_status":"closed","template":"","meta":{"spay_email":""},"product_cat":[18,26],"product_tag":[],"yoast_head":"<!-- This site is optimized with the Yoast SEO plugin v17.3 - https:\/\/yoast.com\/wordpress\/plugins\/seo\/ -->\n<title>Apagador inteligente 1 Bot\u00f3n Touch \/ TC2-1 BROADLINK - Tienda de Iluminaci\u00f3n LED<\/title>\n<meta name=\"robots\" content=\"index, follow, max-snippet:-1, max-image-preview:large, max-video-preview:-1\" \/>\n<link rel=\"canonical\" href=\"https:\/\/ecoluce.mx\/?product=apagador-inteligente-1-boton-touch-tc2-1-broadlink\" \/>\n<meta property=\"og:locale\" content=\"es_MX\" \/>\n<meta property=\"og:type\" content=\"article\" \/>\n<meta property=\"og:title\" content=\"Apagador inteligente 1 Bot\u00f3n Touch \/ TC2-1 BROADLINK - Tienda de Iluminaci\u00f3n LED\" \/>\n<meta property=\"og:description\" content=\"C\u00f3digo del producto: 205006\" \/>\n<meta property=\"og:url\" content=\"https:\/\/ecoluce.mx\/?product=apagador-inteligente-1-boton-touch-tc2-1-broadlink\" \/>\n<meta property=\"og:site_name\" content=\"Tienda de Iluminaci\u00f3n LED\" \/>\n<meta property=\"article:modified_time\" content=\"2020-09-30T15:56:44+00:00\" \/>\n<meta property=\"og:image\" content=\"https:\/\/ecoluce.mx\/wp-content\/uploads\/2020\/06\/205006-1.jpg\" \/>\n\t<meta property=\"og:image:width\" content=\"800\" \/>\n\t<meta property=\"og:image:height\" content=\"800\" \/>\n<meta name=\"twitter:card\" content=\"summary_large_image\" \/>\n<meta name=\"twitter:label1\" content=\"Tiempo de lectura\" \/>\n\t<meta name=\"twitter:data1\" content=\"1 minuto\" \/>\n<script type=\"application\/ld+json\" class=\"yoast-schema-graph\">{\"@context\":\"https:\/\/schema.org\",\"@graph\":[{\"@type\":\"WebSite\",\"@id\":\"https:\/\/ecoluce.mx\/#website\",\"url\":\"https:\/\/ecoluce.mx\/\",\"name\":\"Tienda de Iluminaci\\u00f3n LED\",\"description\":\"luces, tiras, mangueras, focos, tubos\",\"potentialAction\":[{\"@type\":\"SearchAction\",\"target\":{\"@type\":\"EntryPoint\",\"urlTemplate\":\"https:\/\/ecoluce.mx\/?s={search_term_string}\"},\"query-input\":\"required name=search_term_string\"}],\"inLanguage\":\"es-MX\"},{\"@type\":\"ImageObject\",\"@id\":\"https:\/\/ecoluce.mx\/?product=apagador-inteligente-1-boton-touch-tc2-1-broadlink#primaryimage\",\"inLanguage\":\"es-MX\",\"url\":\"https:\/\/ecoluce.mx\/wp-content\/uploads\/2020\/06\/205006-1.jpg\",\"contentUrl\":\"https:\/\/ecoluce.mx\/wp-content\/uploads\/2020\/06\/205006-1.jpg\",\"width\":800,\"height\":800},{\"@type\":\"WebPage\",\"@id\":\"https:\/\/ecoluce.mx\/?product=apagador-inteligente-1-boton-touch-tc2-1-broadlink#webpage\",\"url\":\"https:\/\/ecoluce.mx\/?product=apagador-inteligente-1-boton-touch-tc2-1-broadlink\",\"name\":\"Apagador inteligente 1 Bot\\u00f3n Touch \/ TC2-1 BROADLINK - Tienda de Iluminaci\\u00f3n LED\",\"isPartOf\":{\"@id\":\"https:\/\/ecoluce.mx\/#website\"},\"primaryImageOfPage\":{\"@id\":\"https:\/\/ecoluce.mx\/?product=apagador-inteligente-1-boton-touch-tc2-1-broadlink#primaryimage\"},\"datePublished\":\"2020-06-08T18:18:03+00:00\",\"dateModified\":\"2020-09-30T15:56:44+00:00\",\"breadcrumb\":{\"@id\":\"https:\/\/ecoluce.mx\/?product=apagador-inteligente-1-boton-touch-tc2-1-broadlink#breadcrumb\"},\"inLanguage\":\"es-MX\",\"potentialAction\":[{\"@type\":\"ReadAction\",\"target\":[\"https:\/\/ecoluce.mx\/?product=apagador-inteligente-1-boton-touch-tc2-1-broadlink\"]}]},{\"@type\":\"BreadcrumbList\",\"@id\":\"https:\/\/ecoluce.mx\/?product=apagador-inteligente-1-boton-touch-tc2-1-broadlink#breadcrumb\",\"itemListElement\":[{\"@type\":\"ListItem\",\"position\":1,\"name\":\"Inicio\",\"item\":\"https:\/\/ecoluce.mx\/\"},{\"@type\":\"ListItem\",\"position\":2,\"name\":\"Tienda\",\"item\":\"https:\/\/ecoluce.mx\/?page_id=313\"},{\"@type\":\"ListItem\",\"position\":3,\"name\":\"Apagador inteligente 1 Bot\\u00f3n Touch \/ TC2-1 BROADLINK\"}]}]}<\/script>\n<!-- \/ Yoast SEO plugin. -->","yoast_head_json":{"title":"Apagador inteligente 1 Bot\u00f3n Touch \/ TC2-1 BROADLINK - Tienda de Iluminaci\u00f3n LED","robots":{"index":"index","follow":"follow","max-snippet":"max-snippet:-1","max-image-preview":"max-image-preview:large","max-video-preview":"max-video-preview:-1"},"canonical":"https:\/\/ecoluce.mx\/?product=apagador-inteligente-1-boton-touch-tc2-1-broadlink","og_locale":"es_MX","og_type":"article","og_title":"Apagador inteligente 1 Bot\u00f3n Touch \/ TC2-1 BROADLINK - Tienda de Iluminaci\u00f3n LED","og_description":"C\u00f3digo del producto: 205006","og_url":"https:\/\/ecoluce.mx\/?product=apagador-inteligente-1-boton-touch-tc2-1-broadlink","og_site_name":"Tienda de Iluminaci\u00f3n LED","article_modified_time":"2020-09-30T15:56:44+00:00","og_image":[{"width":800,"height":800,"url":"https:\/\/ecoluce.mx\/wp-content\/uploads\/2020\/06\/205006-1.jpg","type":"image\/jpeg"}],"twitter_card":"summary_large_image","twitter_misc":{"Tiempo de lectura":"1 minuto"},"schema":{"@context":"https:\/\/schema.org","@graph":[{"@type":"WebSite","@id":"https:\/\/ecoluce.mx\/#website","url":"https:\/\/ecoluce.mx\/","name":"Tienda de Iluminaci\u00f3n LED","description":"luces, tiras, mangueras, focos, tubos","potentialAction":[{"@type":"SearchAction","target":{"@type":"EntryPoint","urlTemplate":"https:\/\/ecoluce.mx\/?s={search_term_string}"},"query-input":"required name=search_term_string"}],"inLanguage":"es-MX"},{"@type":"ImageObject","@id":"https:\/\/ecoluce.mx\/?product=apagador-inteligente-1-boton-touch-tc2-1-broadlink#primaryimage","inLanguage":"es-MX","url":"https:\/\/ecoluce.mx\/wp-content\/uploads\/2020\/06\/205006-1.jpg","contentUrl":"https:\/\/ecoluce.mx\/wp-content\/uploads\/2020\/06\/205006-1.jpg","width":800,"height":800},{"@type":"WebPage","@id":"https:\/\/ecoluce.mx\/?product=apagador-inteligente-1-boton-touch-tc2-1-broadlink#webpage","url":"https:\/\/ecoluce.mx\/?product=apagador-inteligente-1-boton-touch-tc2-1-broadlink","name":"Apagador inteligente 1 Bot\u00f3n Touch \/ TC2-1 BROADLINK - Tienda de Iluminaci\u00f3n LED","isPartOf":{"@id":"https:\/\/ecoluce.mx\/#website"},"primaryImageOfPage":{"@id":"https:\/\/ecoluce.mx\/?product=apagador-inteligente-1-boton-touch-tc2-1-broadlink#primaryimage"},"datePublished":"2020-06-08T18:18:03+00:00","dateModified":"2020-09-30T15:56:44+00:00","breadcrumb":{"@id":"https:\/\/ecoluce.mx\/?product=apagador-inteligente-1-boton-touch-tc2-1-broadlink#breadcrumb"},"inLanguage":"es-MX","potentialAction":[{"@type":"ReadAction","target":["https:\/\/ecoluce.mx\/?product=apagador-inteligente-1-boton-touch-tc2-1-broadlink"]}]},{"@type":"BreadcrumbList","@id":"https:\/\/ecoluce.mx\/?product=apagador-inteligente-1-boton-touch-tc2-1-broadlink#breadcrumb","itemListElement":[{"@type":"ListItem","position":1,"name":"Inicio","item":"https:\/\/ecoluce.mx\/"},{"@type":"ListItem","position":2,"name":"Tienda","item":"https:\/\/ecoluce.mx\/?page_id=313"},{"@type":"ListItem","position":3,"name":"Apagador inteligente 1 Bot\u00f3n Touch \/ TC2-1 BROADLINK"}]}]}},"jetpack_sharing_enabled":true,"_links":{"self":[{"href":"https:\/\/ecoluce.mx\/index.php?rest_route=\/wp\/v2\/product\/619"}],"collection":[{"href":"https:\/\/ecoluce.mx\/index.php?rest_route=\/wp\/v2\/product"}],"about":[{"href":"https:\/\/ecoluce.mx\/index.php?rest_route=\/wp\/v2\/types\/product"}],"replies":[{"embeddable":true,"href":"https:\/\/ecoluce.mx\/index.php?rest_route=%2Fwp%2Fv2%2Fcomments&post=619"}],"wp:featuredmedia":[{"embeddable":true,"href":"https:\/\/ecoluce.mx\/index.php?rest_route=\/wp\/v2\/media\/623"}],"wp:attachment":[{"href":"https:\/\/ecoluce.mx\/index.php?rest_route=%2Fwp%2Fv2%2Fmedia&parent=619"}],"wp:term":[{"taxonomy":"product_cat","embeddable":true,"href":"https:\/\/ecoluce.mx\/index.php?rest_route=%2Fwp%2Fv2%2Fproduct_cat&post=619"},{"taxonomy":"product_tag","embeddable":true,"href":"https:\/\/ecoluce.mx\/index.php?rest_route=%2Fwp%2Fv2%2Fproduct_tag&post=619"}],"curies":[{"name":"wp","href":"https:\/\/api.w.org\/{rel}","templated":true}]}}