{"id":628,"date":"2020-06-08T18:57:31","date_gmt":"2020-06-08T18:57:31","guid":{"rendered":"https:\/\/ecoluce.mx\/?post_type=product&#038;p=628"},"modified":"2026-05-10T19:58:22","modified_gmt":"2026-05-10T19:58:22","slug":"contacto-inteligente-w-ifi","status":"publish","type":"product","link":"https:\/\/ecoluce.mx\/?product=contacto-inteligente-w-ifi","title":{"rendered":"Contacto Inteligente W-IFI"},"content":{"rendered":"<div><\/div>\n<div><a href=\"https:\/\/ecoluce.mx\/wp-content\/uploads\/2020\/09\/Eco_202010.pdf\" class=\"mb-button mb-style-glass mb-size-default mb-corners-default mb-text-style-default \" style=\"background-color: #2bc470;\">\u00a0<i class=\"fa fa-arrow-down\"><\/i>\u00a0 Ficha T\u00e9cnica<\/a><\/div>\n<div><img src=\"https:\/\/cdn.shopify.com\/s\/files\/1\/0085\/6702\/9857\/files\/banner_SP3_1.jpg?v=1586386326\" alt=\"Contacto Inteligente SP3\" \/><\/div>\n<ul>\n<li>Si te preguntas, <strong>\u00bfun contacto inteligente para qu\u00e9 sirve?<\/strong> La respuesta es, el Contacto Inteligente es <strong>la manera m\u00e1s sencilla de comenzar tu\u00a0Casa Inteligente<\/strong>.<\/li>\n<li>Configura f\u00e1cil y r\u00e1pidamente tu contacto inteligente WiFi a trav\u00e9s de las aplicaciones IHC y <strong>BroadLink App<\/strong>, disponibles para Android 4.0 y iOS 6.0 y superiores.<\/li>\n<li>Enciende y apaga tus aparatos desde cualquier lugar a trav\u00e9s de tus dispositivos m\u00f3viles con ayuda de tu enchufe inteligente.\n<div><img src=\"https:\/\/cdn.shopify.com\/s\/files\/1\/0085\/6702\/9857\/files\/iconosSP3_0b1b903e-4109-4221-b2c0-4d8aa8b1d14e.jpg?v=1586386060\" alt=\"Contacto Inteligente SP3\" \/><\/div>\n<\/li>\n<\/ul>\n<ul>\n<li>Ahorra energ\u00eda programando el encendido y apagado de tu contacto inteligente con el tiempo exacto de uso, con hasta 25 temporizadores.<\/li>\n<li>No te preocupes por fallas en tus aparatos, el contacto Inteligente tiene capacidad el\u00e9ctrica suficiente para los electrodom\u00e9sticos m\u00e1s comunes en el hogar.<\/li>\n<li>No pierdas de vista tu Contacto Inteligente y conecta tus aparatos f\u00e1cilmente con la funci\u00f3n &#8220;Night light&#8221; con ayuda de una discreta iluminaci\u00f3n.<\/li>\n<li><strong>\u00a1H\u00e1blale a tu casa!<\/strong>\u00a0Ahora puedes controlar tu contacto inteligente y toda tu Casa Inteligente con ayuda de controladores de voz como,\u00a0<strong>Amazon Alexa, Google Assistant de Google Home, Siri e IFTTT<\/strong>.<\/li>\n<\/ul>\n<div><img src=\"https:\/\/cdn.shopify.com\/s\/files\/1\/0085\/6702\/9857\/files\/banner_SP3_2.jpg?v=1586386829\" alt=\"Contacto Inteligente SP3\" \/><\/div>\n<div><strong>C\u00f3digo del producto:<\/strong> 202010<\/div>\n","protected":false},"excerpt":{"rendered":"<p><strong>C\u00f3digo del producto:<\/strong> 202010<\/p>\n","protected":false},"featured_media":629,"comment_status":"open","ping_status":"closed","template":"","meta":{"spay_email":""},"product_cat":[18,26],"product_tag":[],"yoast_head":"<!-- This site is optimized with the Yoast SEO plugin v17.3 - https:\/\/yoast.com\/wordpress\/plugins\/seo\/ -->\n<title>Contacto Inteligente W-IFI - Tienda de Iluminaci\u00f3n LED<\/title>\n<meta name=\"robots\" content=\"index, follow, max-snippet:-1, max-image-preview:large, max-video-preview:-1\" \/>\n<link rel=\"canonical\" href=\"https:\/\/ecoluce.mx\/?product=contacto-inteligente-w-ifi\" \/>\n<meta property=\"og:locale\" content=\"es_MX\" \/>\n<meta property=\"og:type\" content=\"article\" \/>\n<meta property=\"og:title\" content=\"Contacto Inteligente W-IFI - Tienda de Iluminaci\u00f3n LED\" \/>\n<meta property=\"og:description\" content=\"C\u00f3digo del producto: 202010\" \/>\n<meta property=\"og:url\" content=\"https:\/\/ecoluce.mx\/?product=contacto-inteligente-w-ifi\" \/>\n<meta property=\"og:site_name\" content=\"Tienda de Iluminaci\u00f3n LED\" \/>\n<meta property=\"article:modified_time\" content=\"2026-05-10T19:58:22+00:00\" \/>\n<meta property=\"og:image\" content=\"https:\/\/ecoluce.mx\/wp-content\/uploads\/2020\/06\/202010.jpg\" \/>\n\t<meta property=\"og:image:width\" content=\"800\" \/>\n\t<meta property=\"og:image:height\" content=\"800\" \/>\n<meta name=\"twitter:card\" content=\"summary_large_image\" \/>\n<meta name=\"twitter:label1\" content=\"Tiempo de lectura\" \/>\n\t<meta name=\"twitter:data1\" content=\"1 minuto\" \/>\n<script type=\"application\/ld+json\" class=\"yoast-schema-graph\">{\"@context\":\"https:\/\/schema.org\",\"@graph\":[{\"@type\":\"WebSite\",\"@id\":\"https:\/\/ecoluce.mx\/#website\",\"url\":\"https:\/\/ecoluce.mx\/\",\"name\":\"Tienda de Iluminaci\\u00f3n LED\",\"description\":\"luces, tiras, mangueras, focos, tubos\",\"potentialAction\":[{\"@type\":\"SearchAction\",\"target\":{\"@type\":\"EntryPoint\",\"urlTemplate\":\"https:\/\/ecoluce.mx\/?s={search_term_string}\"},\"query-input\":\"required name=search_term_string\"}],\"inLanguage\":\"es-MX\"},{\"@type\":\"ImageObject\",\"@id\":\"https:\/\/ecoluce.mx\/?product=contacto-inteligente-w-ifi#primaryimage\",\"inLanguage\":\"es-MX\",\"url\":\"https:\/\/ecoluce.mx\/wp-content\/uploads\/2020\/06\/202010.jpg\",\"contentUrl\":\"https:\/\/ecoluce.mx\/wp-content\/uploads\/2020\/06\/202010.jpg\",\"width\":800,\"height\":800},{\"@type\":\"WebPage\",\"@id\":\"https:\/\/ecoluce.mx\/?product=contacto-inteligente-w-ifi#webpage\",\"url\":\"https:\/\/ecoluce.mx\/?product=contacto-inteligente-w-ifi\",\"name\":\"Contacto Inteligente W-IFI - Tienda de Iluminaci\\u00f3n LED\",\"isPartOf\":{\"@id\":\"https:\/\/ecoluce.mx\/#website\"},\"primaryImageOfPage\":{\"@id\":\"https:\/\/ecoluce.mx\/?product=contacto-inteligente-w-ifi#primaryimage\"},\"datePublished\":\"2020-06-08T18:57:31+00:00\",\"dateModified\":\"2026-05-10T19:58:22+00:00\",\"breadcrumb\":{\"@id\":\"https:\/\/ecoluce.mx\/?product=contacto-inteligente-w-ifi#breadcrumb\"},\"inLanguage\":\"es-MX\",\"potentialAction\":[{\"@type\":\"ReadAction\",\"target\":[\"https:\/\/ecoluce.mx\/?product=contacto-inteligente-w-ifi\"]}]},{\"@type\":\"BreadcrumbList\",\"@id\":\"https:\/\/ecoluce.mx\/?product=contacto-inteligente-w-ifi#breadcrumb\",\"itemListElement\":[{\"@type\":\"ListItem\",\"position\":1,\"name\":\"Inicio\",\"item\":\"https:\/\/ecoluce.mx\/\"},{\"@type\":\"ListItem\",\"position\":2,\"name\":\"Tienda\",\"item\":\"https:\/\/ecoluce.mx\/?page_id=313\"},{\"@type\":\"ListItem\",\"position\":3,\"name\":\"Contacto Inteligente W-IFI\"}]}]}<\/script>\n<!-- \/ Yoast SEO plugin. -->","yoast_head_json":{"title":"Contacto Inteligente W-IFI - Tienda de Iluminaci\u00f3n LED","robots":{"index":"index","follow":"follow","max-snippet":"max-snippet:-1","max-image-preview":"max-image-preview:large","max-video-preview":"max-video-preview:-1"},"canonical":"https:\/\/ecoluce.mx\/?product=contacto-inteligente-w-ifi","og_locale":"es_MX","og_type":"article","og_title":"Contacto Inteligente W-IFI - Tienda de Iluminaci\u00f3n LED","og_description":"C\u00f3digo del producto: 202010","og_url":"https:\/\/ecoluce.mx\/?product=contacto-inteligente-w-ifi","og_site_name":"Tienda de Iluminaci\u00f3n LED","article_modified_time":"2026-05-10T19:58:22+00:00","og_image":[{"width":800,"height":800,"url":"https:\/\/ecoluce.mx\/wp-content\/uploads\/2020\/06\/202010.jpg","type":"image\/jpeg"}],"twitter_card":"summary_large_image","twitter_misc":{"Tiempo de lectura":"1 minuto"},"schema":{"@context":"https:\/\/schema.org","@graph":[{"@type":"WebSite","@id":"https:\/\/ecoluce.mx\/#website","url":"https:\/\/ecoluce.mx\/","name":"Tienda de Iluminaci\u00f3n LED","description":"luces, tiras, mangueras, focos, tubos","potentialAction":[{"@type":"SearchAction","target":{"@type":"EntryPoint","urlTemplate":"https:\/\/ecoluce.mx\/?s={search_term_string}"},"query-input":"required name=search_term_string"}],"inLanguage":"es-MX"},{"@type":"ImageObject","@id":"https:\/\/ecoluce.mx\/?product=contacto-inteligente-w-ifi#primaryimage","inLanguage":"es-MX","url":"https:\/\/ecoluce.mx\/wp-content\/uploads\/2020\/06\/202010.jpg","contentUrl":"https:\/\/ecoluce.mx\/wp-content\/uploads\/2020\/06\/202010.jpg","width":800,"height":800},{"@type":"WebPage","@id":"https:\/\/ecoluce.mx\/?product=contacto-inteligente-w-ifi#webpage","url":"https:\/\/ecoluce.mx\/?product=contacto-inteligente-w-ifi","name":"Contacto Inteligente W-IFI - Tienda de Iluminaci\u00f3n LED","isPartOf":{"@id":"https:\/\/ecoluce.mx\/#website"},"primaryImageOfPage":{"@id":"https:\/\/ecoluce.mx\/?product=contacto-inteligente-w-ifi#primaryimage"},"datePublished":"2020-06-08T18:57:31+00:00","dateModified":"2026-05-10T19:58:22+00:00","breadcrumb":{"@id":"https:\/\/ecoluce.mx\/?product=contacto-inteligente-w-ifi#breadcrumb"},"inLanguage":"es-MX","potentialAction":[{"@type":"ReadAction","target":["https:\/\/ecoluce.mx\/?product=contacto-inteligente-w-ifi"]}]},{"@type":"BreadcrumbList","@id":"https:\/\/ecoluce.mx\/?product=contacto-inteligente-w-ifi#breadcrumb","itemListElement":[{"@type":"ListItem","position":1,"name":"Inicio","item":"https:\/\/ecoluce.mx\/"},{"@type":"ListItem","position":2,"name":"Tienda","item":"https:\/\/ecoluce.mx\/?page_id=313"},{"@type":"ListItem","position":3,"name":"Contacto Inteligente W-IFI"}]}]}},"jetpack_sharing_enabled":true,"_links":{"self":[{"href":"https:\/\/ecoluce.mx\/index.php?rest_route=\/wp\/v2\/product\/628"}],"collection":[{"href":"https:\/\/ecoluce.mx\/index.php?rest_route=\/wp\/v2\/product"}],"about":[{"href":"https:\/\/ecoluce.mx\/index.php?rest_route=\/wp\/v2\/types\/product"}],"replies":[{"embeddable":true,"href":"https:\/\/ecoluce.mx\/index.php?rest_route=%2Fwp%2Fv2%2Fcomments&post=628"}],"wp:featuredmedia":[{"embeddable":true,"href":"https:\/\/ecoluce.mx\/index.php?rest_route=\/wp\/v2\/media\/629"}],"wp:attachment":[{"href":"https:\/\/ecoluce.mx\/index.php?rest_route=%2Fwp%2Fv2%2Fmedia&parent=628"}],"wp:term":[{"taxonomy":"product_cat","embeddable":true,"href":"https:\/\/ecoluce.mx\/index.php?rest_route=%2Fwp%2Fv2%2Fproduct_cat&post=628"},{"taxonomy":"product_tag","embeddable":true,"href":"https:\/\/ecoluce.mx\/index.php?rest_route=%2Fwp%2Fv2%2Fproduct_tag&post=628"}],"curies":[{"name":"wp","href":"https:\/\/api.w.org\/{rel}","templated":true}]}}