{"id":632,"date":"2020-06-08T19:35:44","date_gmt":"2020-06-08T19:35:44","guid":{"rendered":"https:\/\/ecoluce.mx\/?post_type=product&#038;p=632"},"modified":"2022-04-10T05:57:42","modified_gmt":"2022-04-10T05:57:42","slug":"control-remoto-universal-rm-mini-3-broadlink","status":"publish","type":"product","link":"https:\/\/ecoluce.mx\/?product=control-remoto-universal-rm-mini-3-broadlink","title":{"rendered":"Control Remoto Universal RM mini 3 BroadLink"},"content":{"rendered":"<div>\n<p>&nbsp;<\/p>\n<p><a href=\"https:\/\/ecoluce.mx\/wp-content\/uploads\/2020\/09\/Eco_203608.pdf\" class=\"mb-button mb-style-glass mb-size-default mb-corners-default mb-text-style-default \" style=\"background-color: #2bc470;\">\u00a0<i class=\"fa fa-arrow-down\"><\/i>\u00a0 Ficha T\u00e9cnica<\/a><\/p>\n<p><b><img src=\"https:\/\/cdn.shopify.com\/s\/files\/1\/0085\/6702\/9857\/files\/banner_RMmini_2.jpg?v=1586455718\" alt=\"rmmini3_2\" \/><\/b><\/p>\n<ul>\n<li><strong>No te preocupes, \u00a1est\u00e1s completo!, INCLUYE ADAPTADOR AC DE F\u00c1BRICA.<\/strong><\/li>\n<li>Con\u00a0el RM mini 3\u00a0disfruta una vida inteligente, convierte tu smartphone en un control remoto universal y controla tus aparatos que utilizan se\u00f1al infrarroja desde donde est\u00e9s.<\/li>\n<li>Configura f\u00e1cil y r\u00e1pidamente tu\u00a0RM4C mini con\u00a0<strong>BroadLink App<\/strong>, disponibles para Android 4.0 y iOS 6.0 y superiores.<\/li>\n<li>Controla Smart TVs, sistemas de audio, A\/C, Apple TVs, sistemas de Cable, y \u00a1muchas cosas m\u00e1s!<\/li>\n<li><strong>\u00a1H\u00e1blale a tu casa!<\/strong>\u00a0Ahora puedes controlar\u00a0tu\u00a0RM mini 3 y toda tu Casa Inteligente con ayuda de controladores de voz como,\u00a0<strong>Amazon Alexa, Google Assistant de Google Home, Siri e IFTTT<\/strong>.<\/li>\n<li>Puedes controlar tus aparatos a trav\u00e9s de plantillas preestablecidas o dise\u00f1ando tu propio control remoto.<\/li>\n<\/ul>\n<\/div>\n<p><img loading=\"lazy\" src=\"https:\/\/cdn.shopify.com\/s\/files\/1\/0085\/6702\/9857\/files\/Captura_de_pantalla_2020-03-11_a_las_6.15.18_p.m..png?v=1586454917\" alt=\"rmmini3_1\" width=\"370\" height=\"268\" \/><\/p>\n<ul>\n<li>Comparte con\u00a0tu familia y amigos el control de tu casa dentro de la misma red WiFi.<\/li>\n<li><strong>Crea escenas<\/strong> de control para activar con un solo bot\u00f3n varias funciones de tus aparatos, a trav\u00e9s del smartphone \/ tablet desde cualquier parte del mundo.<\/li>\n<li>\u00a1Todos querr\u00e1n un espacio como el tuyo al controlar m\u00e1s de 80,000 modelos de electr\u00f3nicos precargados!<\/li>\n<li>Con el control remoto universal RM mini 3 ahorra energ\u00eda programando tus dispositivos electr\u00f3nicos de tu hogar u oficina.<\/li>\n<\/ul>\n<p><img src=\"https:\/\/cdn.shopify.com\/s\/files\/1\/0085\/6702\/9857\/files\/banner_RMmini_3.jpg?v=1586455948\" alt=\"rmmini3_3\" \/><\/p>\n<p><strong>C\u00f3digo del producto: <\/strong>203608<\/p>\n","protected":false},"excerpt":{"rendered":"<p><strong>C\u00f3digo del producto: <\/strong>203608<\/p>\n","protected":false},"featured_media":633,"comment_status":"open","ping_status":"closed","template":"","meta":{"spay_email":""},"product_cat":[18,26],"product_tag":[],"yoast_head":"<!-- This site is optimized with the Yoast SEO plugin v17.3 - https:\/\/yoast.com\/wordpress\/plugins\/seo\/ -->\n<title>Control Remoto Universal RM mini 3 BroadLink - Tienda de Iluminaci\u00f3n LED<\/title>\n<meta name=\"robots\" content=\"index, follow, max-snippet:-1, max-image-preview:large, max-video-preview:-1\" \/>\n<link rel=\"canonical\" href=\"https:\/\/ecoluce.mx\/?product=control-remoto-universal-rm-mini-3-broadlink\" \/>\n<meta property=\"og:locale\" content=\"es_MX\" \/>\n<meta property=\"og:type\" content=\"article\" \/>\n<meta property=\"og:title\" content=\"Control Remoto Universal RM mini 3 BroadLink - Tienda de Iluminaci\u00f3n LED\" \/>\n<meta property=\"og:description\" content=\"C\u00f3digo del producto: 203608\" \/>\n<meta property=\"og:url\" content=\"https:\/\/ecoluce.mx\/?product=control-remoto-universal-rm-mini-3-broadlink\" \/>\n<meta property=\"og:site_name\" content=\"Tienda de Iluminaci\u00f3n LED\" \/>\n<meta property=\"article:modified_time\" content=\"2022-04-10T05:57:42+00:00\" \/>\n<meta property=\"og:image\" content=\"https:\/\/ecoluce.mx\/wp-content\/uploads\/2020\/06\/203608-768x768.jpg\" \/>\n\t<meta property=\"og:image:width\" content=\"768\" \/>\n\t<meta property=\"og:image:height\" content=\"768\" \/>\n<meta name=\"twitter:card\" content=\"summary_large_image\" \/>\n<meta name=\"twitter:label1\" content=\"Tiempo de lectura\" \/>\n\t<meta name=\"twitter:data1\" content=\"1 minuto\" \/>\n<script type=\"application\/ld+json\" class=\"yoast-schema-graph\">{\"@context\":\"https:\/\/schema.org\",\"@graph\":[{\"@type\":\"WebSite\",\"@id\":\"https:\/\/ecoluce.mx\/#website\",\"url\":\"https:\/\/ecoluce.mx\/\",\"name\":\"Tienda de Iluminaci\\u00f3n LED\",\"description\":\"luces, tiras, mangueras, focos, tubos\",\"potentialAction\":[{\"@type\":\"SearchAction\",\"target\":{\"@type\":\"EntryPoint\",\"urlTemplate\":\"https:\/\/ecoluce.mx\/?s={search_term_string}\"},\"query-input\":\"required name=search_term_string\"}],\"inLanguage\":\"es-MX\"},{\"@type\":\"ImageObject\",\"@id\":\"https:\/\/ecoluce.mx\/?product=control-remoto-universal-rm-mini-3-broadlink#primaryimage\",\"inLanguage\":\"es-MX\",\"url\":\"https:\/\/ecoluce.mx\/wp-content\/uploads\/2020\/06\/203608.jpg\",\"contentUrl\":\"https:\/\/ecoluce.mx\/wp-content\/uploads\/2020\/06\/203608.jpg\",\"width\":800,\"height\":800},{\"@type\":\"WebPage\",\"@id\":\"https:\/\/ecoluce.mx\/?product=control-remoto-universal-rm-mini-3-broadlink#webpage\",\"url\":\"https:\/\/ecoluce.mx\/?product=control-remoto-universal-rm-mini-3-broadlink\",\"name\":\"Control Remoto Universal RM mini 3 BroadLink - Tienda de Iluminaci\\u00f3n LED\",\"isPartOf\":{\"@id\":\"https:\/\/ecoluce.mx\/#website\"},\"primaryImageOfPage\":{\"@id\":\"https:\/\/ecoluce.mx\/?product=control-remoto-universal-rm-mini-3-broadlink#primaryimage\"},\"datePublished\":\"2020-06-08T19:35:44+00:00\",\"dateModified\":\"2022-04-10T05:57:42+00:00\",\"breadcrumb\":{\"@id\":\"https:\/\/ecoluce.mx\/?product=control-remoto-universal-rm-mini-3-broadlink#breadcrumb\"},\"inLanguage\":\"es-MX\",\"potentialAction\":[{\"@type\":\"ReadAction\",\"target\":[\"https:\/\/ecoluce.mx\/?product=control-remoto-universal-rm-mini-3-broadlink\"]}]},{\"@type\":\"BreadcrumbList\",\"@id\":\"https:\/\/ecoluce.mx\/?product=control-remoto-universal-rm-mini-3-broadlink#breadcrumb\",\"itemListElement\":[{\"@type\":\"ListItem\",\"position\":1,\"name\":\"Inicio\",\"item\":\"https:\/\/ecoluce.mx\/\"},{\"@type\":\"ListItem\",\"position\":2,\"name\":\"Tienda\",\"item\":\"https:\/\/ecoluce.mx\/?page_id=313\"},{\"@type\":\"ListItem\",\"position\":3,\"name\":\"Control Remoto Universal RM mini 3 BroadLink\"}]}]}<\/script>\n<!-- \/ Yoast SEO plugin. -->","yoast_head_json":{"title":"Control Remoto Universal RM mini 3 BroadLink - Tienda de Iluminaci\u00f3n LED","robots":{"index":"index","follow":"follow","max-snippet":"max-snippet:-1","max-image-preview":"max-image-preview:large","max-video-preview":"max-video-preview:-1"},"canonical":"https:\/\/ecoluce.mx\/?product=control-remoto-universal-rm-mini-3-broadlink","og_locale":"es_MX","og_type":"article","og_title":"Control Remoto Universal RM mini 3 BroadLink - Tienda de Iluminaci\u00f3n LED","og_description":"C\u00f3digo del producto: 203608","og_url":"https:\/\/ecoluce.mx\/?product=control-remoto-universal-rm-mini-3-broadlink","og_site_name":"Tienda de Iluminaci\u00f3n LED","article_modified_time":"2022-04-10T05:57:42+00:00","og_image":[{"width":768,"height":768,"url":"https:\/\/ecoluce.mx\/wp-content\/uploads\/2020\/06\/203608-768x768.jpg","type":"image\/jpeg"}],"twitter_card":"summary_large_image","twitter_misc":{"Tiempo de lectura":"1 minuto"},"schema":{"@context":"https:\/\/schema.org","@graph":[{"@type":"WebSite","@id":"https:\/\/ecoluce.mx\/#website","url":"https:\/\/ecoluce.mx\/","name":"Tienda de Iluminaci\u00f3n LED","description":"luces, tiras, mangueras, focos, tubos","potentialAction":[{"@type":"SearchAction","target":{"@type":"EntryPoint","urlTemplate":"https:\/\/ecoluce.mx\/?s={search_term_string}"},"query-input":"required name=search_term_string"}],"inLanguage":"es-MX"},{"@type":"ImageObject","@id":"https:\/\/ecoluce.mx\/?product=control-remoto-universal-rm-mini-3-broadlink#primaryimage","inLanguage":"es-MX","url":"https:\/\/ecoluce.mx\/wp-content\/uploads\/2020\/06\/203608.jpg","contentUrl":"https:\/\/ecoluce.mx\/wp-content\/uploads\/2020\/06\/203608.jpg","width":800,"height":800},{"@type":"WebPage","@id":"https:\/\/ecoluce.mx\/?product=control-remoto-universal-rm-mini-3-broadlink#webpage","url":"https:\/\/ecoluce.mx\/?product=control-remoto-universal-rm-mini-3-broadlink","name":"Control Remoto Universal RM mini 3 BroadLink - Tienda de Iluminaci\u00f3n LED","isPartOf":{"@id":"https:\/\/ecoluce.mx\/#website"},"primaryImageOfPage":{"@id":"https:\/\/ecoluce.mx\/?product=control-remoto-universal-rm-mini-3-broadlink#primaryimage"},"datePublished":"2020-06-08T19:35:44+00:00","dateModified":"2022-04-10T05:57:42+00:00","breadcrumb":{"@id":"https:\/\/ecoluce.mx\/?product=control-remoto-universal-rm-mini-3-broadlink#breadcrumb"},"inLanguage":"es-MX","potentialAction":[{"@type":"ReadAction","target":["https:\/\/ecoluce.mx\/?product=control-remoto-universal-rm-mini-3-broadlink"]}]},{"@type":"BreadcrumbList","@id":"https:\/\/ecoluce.mx\/?product=control-remoto-universal-rm-mini-3-broadlink#breadcrumb","itemListElement":[{"@type":"ListItem","position":1,"name":"Inicio","item":"https:\/\/ecoluce.mx\/"},{"@type":"ListItem","position":2,"name":"Tienda","item":"https:\/\/ecoluce.mx\/?page_id=313"},{"@type":"ListItem","position":3,"name":"Control Remoto Universal RM mini 3 BroadLink"}]}]}},"jetpack_sharing_enabled":true,"_links":{"self":[{"href":"https:\/\/ecoluce.mx\/index.php?rest_route=\/wp\/v2\/product\/632"}],"collection":[{"href":"https:\/\/ecoluce.mx\/index.php?rest_route=\/wp\/v2\/product"}],"about":[{"href":"https:\/\/ecoluce.mx\/index.php?rest_route=\/wp\/v2\/types\/product"}],"replies":[{"embeddable":true,"href":"https:\/\/ecoluce.mx\/index.php?rest_route=%2Fwp%2Fv2%2Fcomments&post=632"}],"wp:featuredmedia":[{"embeddable":true,"href":"https:\/\/ecoluce.mx\/index.php?rest_route=\/wp\/v2\/media\/633"}],"wp:attachment":[{"href":"https:\/\/ecoluce.mx\/index.php?rest_route=%2Fwp%2Fv2%2Fmedia&parent=632"}],"wp:term":[{"taxonomy":"product_cat","embeddable":true,"href":"https:\/\/ecoluce.mx\/index.php?rest_route=%2Fwp%2Fv2%2Fproduct_cat&post=632"},{"taxonomy":"product_tag","embeddable":true,"href":"https:\/\/ecoluce.mx\/index.php?rest_route=%2Fwp%2Fv2%2Fproduct_tag&post=632"}],"curies":[{"name":"wp","href":"https:\/\/api.w.org\/{rel}","templated":true}]}}