{"id":781,"date":"2020-06-15T19:11:01","date_gmt":"2020-06-15T19:11:01","guid":{"rendered":"https:\/\/ecoluce.mx\/?post_type=product&#038;p=781"},"modified":"2022-11-16T16:43:31","modified_gmt":"2022-11-16T16:43:31","slug":"781","status":"publish","type":"product","link":"https:\/\/ecoluce.mx\/?product=781","title":{"rendered":"Arbotante cil\u00edndrico Dirigible 1xGU10"},"content":{"rendered":"<p><a href=\"https:\/\/ecoluce.mx\/wp-content\/uploads\/2020\/09\/911987.pdf\" class=\"mb-button mb-style-glass mb-size-default mb-corners-default mb-text-style-default \" style=\"background-color: #2bc470;\">\u00a0<i class=\"fa fa-arrow-down\"><\/i>\u00a0 Ficha T\u00e9cnica<\/a><\/p>\n<p><strong>Material de la carcasa:\u00a0<\/strong><span>Acero\u00a0inoxidable\u00a0<\/span><br \/>\n<strong>Volts:\u00a0<\/strong><span>AC110-220V<\/span><br \/>\n<strong>Potencia:<\/strong><span>\u00a05W <\/span><span>\u00a0\u00a0<\/span><br \/>\n<strong>Medidas:<\/strong><span><strong>\u00a0A. <\/strong>60mm<strong> \u00a0B.<\/strong>138mm <strong>C.<\/strong> 92mm<\/span><br \/>\n<strong>Corriente: <\/strong><span>0.045A<\/span><br \/>\n<strong>Frecuencia: <\/strong><span>60HZ<\/span><br \/>\n<strong>Base: <\/strong><span>GU-10<\/span><br \/>\n<strong>Temperatura de operaci\u00f3n<\/strong>: 0-40\u00baC<br \/>\n<b>IP: <\/b>44<b><br \/>\n<\/b><b><strong>No incluye foco*<\/strong><\/b><br \/>\n<strong>C\u00f3digo del producto:<\/strong><span>\u00a0911987<\/span><\/p>\n","protected":false},"excerpt":{"rendered":"<p><strong>C\u00f3digo del producto:<\/strong><span>\u00a0911987<\/span><\/p>\n","protected":false},"featured_media":784,"comment_status":"open","ping_status":"closed","template":"","meta":{"spay_email":""},"product_cat":[18,31],"product_tag":[],"yoast_head":"<!-- This site is optimized with the Yoast SEO plugin v17.3 - https:\/\/yoast.com\/wordpress\/plugins\/seo\/ -->\n<title>Arbotante cil\u00edndrico Dirigible 1xGU10 - Tienda de Iluminaci\u00f3n LED<\/title>\n<meta name=\"robots\" content=\"index, follow, max-snippet:-1, max-image-preview:large, max-video-preview:-1\" \/>\n<link rel=\"canonical\" href=\"https:\/\/ecoluce.mx\/?product=781\" \/>\n<meta property=\"og:locale\" content=\"es_MX\" \/>\n<meta property=\"og:type\" content=\"article\" \/>\n<meta property=\"og:title\" content=\"Arbotante cil\u00edndrico Dirigible 1xGU10 - Tienda de Iluminaci\u00f3n LED\" \/>\n<meta property=\"og:description\" content=\"C\u00f3digo del producto:\u00a0911987\" \/>\n<meta property=\"og:url\" content=\"https:\/\/ecoluce.mx\/?product=781\" \/>\n<meta property=\"og:site_name\" content=\"Tienda de Iluminaci\u00f3n LED\" \/>\n<meta property=\"article:modified_time\" content=\"2022-11-16T16:43:31+00:00\" \/>\n<meta property=\"og:image\" content=\"https:\/\/ecoluce.mx\/wp-content\/uploads\/2020\/06\/911987.jpg\" \/>\n\t<meta property=\"og:image:width\" content=\"800\" \/>\n\t<meta property=\"og:image:height\" content=\"800\" \/>\n<meta name=\"twitter:card\" content=\"summary_large_image\" \/>\n<script type=\"application\/ld+json\" class=\"yoast-schema-graph\">{\"@context\":\"https:\/\/schema.org\",\"@graph\":[{\"@type\":\"WebSite\",\"@id\":\"https:\/\/ecoluce.mx\/#website\",\"url\":\"https:\/\/ecoluce.mx\/\",\"name\":\"Tienda de Iluminaci\\u00f3n LED\",\"description\":\"luces, tiras, mangueras, focos, tubos\",\"potentialAction\":[{\"@type\":\"SearchAction\",\"target\":{\"@type\":\"EntryPoint\",\"urlTemplate\":\"https:\/\/ecoluce.mx\/?s={search_term_string}\"},\"query-input\":\"required name=search_term_string\"}],\"inLanguage\":\"es-MX\"},{\"@type\":\"ImageObject\",\"@id\":\"https:\/\/ecoluce.mx\/?product=781#primaryimage\",\"inLanguage\":\"es-MX\",\"url\":\"https:\/\/ecoluce.mx\/wp-content\/uploads\/2020\/06\/911987.jpg\",\"contentUrl\":\"https:\/\/ecoluce.mx\/wp-content\/uploads\/2020\/06\/911987.jpg\",\"width\":800,\"height\":800},{\"@type\":\"WebPage\",\"@id\":\"https:\/\/ecoluce.mx\/?product=781#webpage\",\"url\":\"https:\/\/ecoluce.mx\/?product=781\",\"name\":\"Arbotante cil\\u00edndrico Dirigible 1xGU10 - Tienda de Iluminaci\\u00f3n LED\",\"isPartOf\":{\"@id\":\"https:\/\/ecoluce.mx\/#website\"},\"primaryImageOfPage\":{\"@id\":\"https:\/\/ecoluce.mx\/?product=781#primaryimage\"},\"datePublished\":\"2020-06-15T19:11:01+00:00\",\"dateModified\":\"2022-11-16T16:43:31+00:00\",\"breadcrumb\":{\"@id\":\"https:\/\/ecoluce.mx\/?product=781#breadcrumb\"},\"inLanguage\":\"es-MX\",\"potentialAction\":[{\"@type\":\"ReadAction\",\"target\":[\"https:\/\/ecoluce.mx\/?product=781\"]}]},{\"@type\":\"BreadcrumbList\",\"@id\":\"https:\/\/ecoluce.mx\/?product=781#breadcrumb\",\"itemListElement\":[{\"@type\":\"ListItem\",\"position\":1,\"name\":\"Inicio\",\"item\":\"https:\/\/ecoluce.mx\/\"},{\"@type\":\"ListItem\",\"position\":2,\"name\":\"Tienda\",\"item\":\"https:\/\/ecoluce.mx\/?page_id=313\"},{\"@type\":\"ListItem\",\"position\":3,\"name\":\"Arbotante cil\\u00edndrico Dirigible 1xGU10\"}]}]}<\/script>\n<!-- \/ Yoast SEO plugin. -->","yoast_head_json":{"title":"Arbotante cil\u00edndrico Dirigible 1xGU10 - Tienda de Iluminaci\u00f3n LED","robots":{"index":"index","follow":"follow","max-snippet":"max-snippet:-1","max-image-preview":"max-image-preview:large","max-video-preview":"max-video-preview:-1"},"canonical":"https:\/\/ecoluce.mx\/?product=781","og_locale":"es_MX","og_type":"article","og_title":"Arbotante cil\u00edndrico Dirigible 1xGU10 - Tienda de Iluminaci\u00f3n LED","og_description":"C\u00f3digo del producto:\u00a0911987","og_url":"https:\/\/ecoluce.mx\/?product=781","og_site_name":"Tienda de Iluminaci\u00f3n LED","article_modified_time":"2022-11-16T16:43:31+00:00","og_image":[{"width":800,"height":800,"url":"https:\/\/ecoluce.mx\/wp-content\/uploads\/2020\/06\/911987.jpg","type":"image\/jpeg"}],"twitter_card":"summary_large_image","schema":{"@context":"https:\/\/schema.org","@graph":[{"@type":"WebSite","@id":"https:\/\/ecoluce.mx\/#website","url":"https:\/\/ecoluce.mx\/","name":"Tienda de Iluminaci\u00f3n LED","description":"luces, tiras, mangueras, focos, tubos","potentialAction":[{"@type":"SearchAction","target":{"@type":"EntryPoint","urlTemplate":"https:\/\/ecoluce.mx\/?s={search_term_string}"},"query-input":"required name=search_term_string"}],"inLanguage":"es-MX"},{"@type":"ImageObject","@id":"https:\/\/ecoluce.mx\/?product=781#primaryimage","inLanguage":"es-MX","url":"https:\/\/ecoluce.mx\/wp-content\/uploads\/2020\/06\/911987.jpg","contentUrl":"https:\/\/ecoluce.mx\/wp-content\/uploads\/2020\/06\/911987.jpg","width":800,"height":800},{"@type":"WebPage","@id":"https:\/\/ecoluce.mx\/?product=781#webpage","url":"https:\/\/ecoluce.mx\/?product=781","name":"Arbotante cil\u00edndrico Dirigible 1xGU10 - Tienda de Iluminaci\u00f3n LED","isPartOf":{"@id":"https:\/\/ecoluce.mx\/#website"},"primaryImageOfPage":{"@id":"https:\/\/ecoluce.mx\/?product=781#primaryimage"},"datePublished":"2020-06-15T19:11:01+00:00","dateModified":"2022-11-16T16:43:31+00:00","breadcrumb":{"@id":"https:\/\/ecoluce.mx\/?product=781#breadcrumb"},"inLanguage":"es-MX","potentialAction":[{"@type":"ReadAction","target":["https:\/\/ecoluce.mx\/?product=781"]}]},{"@type":"BreadcrumbList","@id":"https:\/\/ecoluce.mx\/?product=781#breadcrumb","itemListElement":[{"@type":"ListItem","position":1,"name":"Inicio","item":"https:\/\/ecoluce.mx\/"},{"@type":"ListItem","position":2,"name":"Tienda","item":"https:\/\/ecoluce.mx\/?page_id=313"},{"@type":"ListItem","position":3,"name":"Arbotante cil\u00edndrico Dirigible 1xGU10"}]}]}},"jetpack_sharing_enabled":true,"_links":{"self":[{"href":"https:\/\/ecoluce.mx\/index.php?rest_route=\/wp\/v2\/product\/781"}],"collection":[{"href":"https:\/\/ecoluce.mx\/index.php?rest_route=\/wp\/v2\/product"}],"about":[{"href":"https:\/\/ecoluce.mx\/index.php?rest_route=\/wp\/v2\/types\/product"}],"replies":[{"embeddable":true,"href":"https:\/\/ecoluce.mx\/index.php?rest_route=%2Fwp%2Fv2%2Fcomments&post=781"}],"wp:featuredmedia":[{"embeddable":true,"href":"https:\/\/ecoluce.mx\/index.php?rest_route=\/wp\/v2\/media\/784"}],"wp:attachment":[{"href":"https:\/\/ecoluce.mx\/index.php?rest_route=%2Fwp%2Fv2%2Fmedia&parent=781"}],"wp:term":[{"taxonomy":"product_cat","embeddable":true,"href":"https:\/\/ecoluce.mx\/index.php?rest_route=%2Fwp%2Fv2%2Fproduct_cat&post=781"},{"taxonomy":"product_tag","embeddable":true,"href":"https:\/\/ecoluce.mx\/index.php?rest_route=%2Fwp%2Fv2%2Fproduct_tag&post=781"}],"curies":[{"name":"wp","href":"https:\/\/api.w.org\/{rel}","templated":true}]}}